{"id":3,"date":"2023-01-25T12:32:10","date_gmt":"2023-01-25T12:32:10","guid":{"rendered":"https:\/\/www.mafisanvending.es\/?page_id=3"},"modified":"2024-06-13T18:57:26","modified_gmt":"2024-06-13T16:57:26","slug":"politica-de-privacidad","status":"publish","type":"page","link":"https:\/\/www.mafisanvending.es\/index.php\/politica-de-privacidad\/","title":{"rendered":"Pol\u00edtica de privacidad"},"content":{"rendered":"\n<p><strong><u>TRATAMIENTO DE LOS DATOS PERSONALES<\/u><\/strong><\/p>\n\n\n\n<div style=\"height:20px\" aria-hidden=\"true\" class=\"wp-block-spacer\"><\/div>\n\n\n\n<p>Los datos personales recogidos en nuestra p\u00e1gina web son tratados cumpliendo con las exigencias del Reglamento (UE) 2016\/679 del Parlamento Europeo y del Consejo, de 27 de abril de 2016, relativo a la protecci\u00f3n de las personas f\u00edsicas en lo que respecta al tratamiento de datos personales y a la libre circulaci\u00f3n de estos datos, as\u00ed como con la Ley Org\u00e1nica 3\/2018, de 5 de diciembre, de Protecci\u00f3n de Datos Personales y garant\u00eda de los derechos digitales.<\/p>\n\n\n\n<p><\/p>\n\n\n\n<p>As\u00ed mismo, garantizamos que los datos personales son tratados de manera l\u00edcita, leal y transparente, y son recogidos con fines determinados, expl\u00edcitos y leg\u00edtimos, manteni\u00e9ndose limitados a dichos fines y actualizados si fuera necesario. No se permitir\u00e1 la identificaci\u00f3n de los interesados durante m\u00e1s tiempo del necesario y se garantizar\u00e1 su seguridad mediante las medidas t\u00e9cnicas y organizativas adecuadas.<\/p>\n\n\n\n<div style=\"height:20px\" aria-hidden=\"true\" class=\"wp-block-spacer\"><\/div>\n\n\n\n<p><strong><u>\u00bfQui\u00e9n es responsable de sus datos personales?<\/u><\/strong><\/p>\n\n\n\n<p>Raz\u00f3n Social:\u00a0 MAFISAN, S.L.<\/p>\n\n\n\n<p>Direcci\u00f3n:\u00a0 Poligono Santa Fe, 41 50410 Cuarte de Huerva (Zaragoza)<\/p>\n\n\n\n<p>C.I.F.:\u00a0 B50450337<\/p>\n\n\n\n<p>Tel\u00e9fono:\u00a0 976 463 600<\/p>\n\n\n\n<p>E-mail: \u00a0<a href=\"https:\/\/www.mafisanvending.es\/\">https:\/\/www.mafisanvending.es\/<\/a><\/p>\n\n\n\n<div style=\"height:20px\" aria-hidden=\"true\" class=\"wp-block-spacer\"><\/div>\n\n\n\n<p><strong><u>\u00bfPara qu\u00e9 tratamos sus datos y qu\u00e9 nos permite hacerlo? \u00bfPor qu\u00e9 podemos tratar sus datos?<\/u><\/strong><\/p>\n\n\n\n<p>Los datos personales ser\u00e1n tratados por la entidad responsable cuando usted los proporcione completando los formularios de registro o de contacto, enviando correos electr\u00f3nicos o llamando por tel\u00e9fono.<\/p>\n\n\n\n<p>Los datos van a ser tratados con la finalidad de comunicarnos con los interesados por cualquier medio y responder a consultas y solicitudes de informaci\u00f3n.<\/p>\n\n\n\n<ul class=\"wp-block-list\">\n<li>Responder a consultas y solicitudes de informaci\u00f3n. Cuando el interesado nos hace llegar una consulta o solicitud de informaci\u00f3n tratamos sus datos con su consentimiento para darle respuesta sobre la consulta o solicitud a trav\u00e9s de cualquiera de los medios disponibles.<\/li>\n\n\n\n<li>Comunicarnos comercialmente con los interesados por cualquier medio:<\/li>\n\n\n\n<li>Cuando el usuario nos lo autoriza en el formulario de contacto, podemos comunicarnos comercialmente con \u00e9l por medios electr\u00f3nicos sobre nuestros servicios y actividades, tratando sus datos con su consentimiento.<\/li>\n\n\n\n<li>Cuando el interesado registra su correo electr\u00f3nico en nuestro formulario al respecto, tratamos sus datos con su consentimiento para mantenerle informado mediante comunicaciones peri\u00f3dicas por medios electr\u00f3nicos sobre nuestros servicios y actividades.<\/li>\n<\/ul>\n\n\n\n<p>Los interesados pueden oponerse en cada una de las comunicaciones enviadas y adicionalmente mediante el mecanismo previsto en el apartado \u201c\u00bfCu\u00e1les son sus derechos?\u201d.<\/p>\n\n\n\n<ul class=\"wp-block-list\">\n<li>Utilizar dispositivos de almacenamiento y recuperaci\u00f3n de datos. Cuando el interesado visita nuestra p\u00e1gina, utilizaremos con su consentimiento cookies y otras herramientas con las finalidades previstas en nuestra Pol\u00edtica de Cookies donde puede acceder a m\u00e1s informaci\u00f3n.<\/li>\n\n\n\n<li>Mediante la informaci\u00f3n obtenida de dispositivos de seguimiento, almacenamiento y recuperaci\u00f3n de datos con el consentimiento de los visitantes que navegan por las p\u00e1ginas web, y el an\u00e1lisis de su navegaci\u00f3n y comportamiento, se llevar\u00e1 a cabo la elaboraci\u00f3n de perfiles comerciales de clientes que permitan enviar comunicaciones comerciales electr\u00f3nicas personalizadas a aquellos usuarios que se identifiquen con un correo electr\u00f3nico. Puede obtener informaci\u00f3n complementaria en la Pol\u00edtica de Cookies.<\/li>\n\n\n\n<li><\/li>\n<\/ul>\n\n\n\n<p><strong>\u00bfA qui\u00e9n proporcionamos sus datos?<\/strong><\/p>\n\n\n\n<p>Podemos comunicar los datos personales a terceros proveedores encargados del tratamiento, con la \u00fanica finalidad de que nos presten determinados servicios siguiendo nuestras instrucciones, sin utilizar los datos para sus propias finalidades y con objeto de llevar a cabo las actividades que nos son propias, o a las administraciones p\u00fablicas competentes en cumplimiento de obligaciones legales.<\/p>\n\n\n\n<div style=\"height:20px\" aria-hidden=\"true\" class=\"wp-block-spacer\"><\/div>\n\n\n\n<p><strong>\u00bfCu\u00e1nto tiempo conservamos sus datos?<\/strong><\/p>\n\n\n\n<p>Por regla general los datos ser\u00e1n conservados mientras sean compatibles con la finalidad con la que fueron recogidos, en cumplimiento de obligaciones legales de conservaci\u00f3n y para hacer frente a las responsabilidades que pudieran derivarse del tratamiento, para despu\u00e9s ser suprimidos.<\/p>\n\n\n\n<p>Los datos recogidos con la finalidad de comunicarnos comercialmente ser\u00e1n conservados mientras perdure dicha finalidad o el usuario se oponga al tratamiento.<\/p>\n\n\n\n<div style=\"height:20px\" aria-hidden=\"true\" class=\"wp-block-spacer\"><\/div>\n\n\n\n<p><strong>\u00bfCu\u00e1les son sus derechos?<\/strong><\/p>\n\n\n\n<p>Usted podr\u00e1:<\/p>\n\n\n\n<ol class=\"wp-block-list\">\n<li>Obtener m\u00e1s informaci\u00f3n<\/li>\n\n\n\n<li>Retirar su consentimiento cuando lo hubiera prestado para un tratamiento determinado<\/li>\n\n\n\n<li>Dejar de recibir nuestras comunicaciones de car\u00e1cter comercial, enviando <em>\u201cQuiero dejar de recibir comunicaciones comerciales\u201d <\/em>al correo electr\u00f3nico del responsable.<\/li>\n\n\n\n<li>Ejercer sus derechos de:<\/li>\n<\/ol>\n\n\n\n<ul class=\"wp-block-list\">\n<li>Acceso, o conocer que datos personales tratamos de usted;<\/li>\n\n\n\n<li>Rectificaci\u00f3n, o corregir datos personales incorrectos o inexactos;<\/li>\n\n\n\n<li>Supresi\u00f3n, o a eliminar los datos personales que tenemos de usted que no estemos obligados legalmente a conservar;<\/li>\n\n\n\n<li>Oposici\u00f3n, o a que dejemos de tratar sus datos personales con una finalidad concreta;<\/li>\n\n\n\n<li>Limitaci\u00f3n, o a restringir el tratamiento que realizamos;<\/li>\n\n\n\n<li>Portabilidad, o a que le proporcionemos los datos personales que obran en nuestro poder;<\/li>\n<\/ul>\n\n\n\n<p>Para poder ejercer cualquiera de los derechos que le otorga la normativa de protecci\u00f3n de datos, usted podr\u00e1 solicitar al responsable un formulario para el ejercicio de derechos o descargar directamente cualquiera de los formularios propuestos por la Agencia Espa\u00f1ola de Protecci\u00f3n de Datos a trav\u00e9s de este <a href=\"https:\/\/www.aepd.es\/reglamento\/derechos\/index.html\">enlace<\/a> y presentarlo cumplimentado junto con una copia del DNI o cualquier otro documento identificativo v\u00e1lido en la direcci\u00f3n o correo electr\u00f3nico del responsable.<\/p>\n\n\n\n<p>Puede encontrar m\u00e1s informaci\u00f3n sobre sus derechos o presentar una reclamaci\u00f3n ante la autoridad de control competente en la Agencia Espa\u00f1ola de Protecci\u00f3n de Datos <a href=\"http:\/\/www.agpd.es\">http:\/\/www.agpd.es<\/a> &#8211; C\/ Jorge Juan, 6. 28001 \u2013 Madrid (901 100 099 &#8211; 912 663 517).<\/p>\n\n\n\n<div style=\"height:20px\" aria-hidden=\"true\" class=\"wp-block-spacer\"><\/div>\n\n\n\n<p><strong><u>\u00bfC\u00f3mo garantizamos la seguridad de sus datos?<\/u><\/strong><\/p>\n\n\n\n<p>Hemos adoptado las medidas t\u00e9cnicas y organizativas apropiadas para garantizar un nivel de seguridad adecuado que evite la destrucci\u00f3n, p\u00e9rdida o alteraci\u00f3n accidental o il\u00edcita de datos personales, o la comunicaci\u00f3n o acceso no autorizados a dichos datos.<\/p>\n\n\n\n<p>Tambi\u00e9n hemos habilitado procedimientos para responder en los plazos legales oportunos ante cualquier brecha de seguridad que pudiera producirse sobre tus datos personales.<\/p>\n\n\n\n<p>Al contratar a proveedores, garantizamos que implantan las medidas de seguridad adecuadas para la protecci\u00f3n de los datos personales.<\/p>\n\n\n\n<div style=\"height:20px\" aria-hidden=\"true\" class=\"wp-block-spacer\"><\/div>\n\n\n\n<p><strong><u>Cambios en la Pol\u00edtica de Privacidad<\/u><\/strong><\/p>\n\n\n\n<p>Hemos actualizado esta Pol\u00edtica para adaptarla a los requisitos y obligaciones del Reglamento General de Protecci\u00f3n de Datos.<\/p>\n\n\n\n<p>Esta \u00faltima Pol\u00edtica es de fecha: 13\/07\/2020<\/p>\n","protected":false},"excerpt":{"rendered":"<p>TRATAMIENTO DE LOS DATOS PERSONALES Los datos personales recogidos en nuestra p\u00e1gina web son tratados cumpliendo con las exigencias del Reglamento (UE) 2016\/679 del Parlamento Europeo y del Consejo, de 27 de abril de 2016, relativo a la protecci\u00f3n de las personas f\u00edsicas en lo&#8230;<\/p>\n","protected":false},"author":1,"featured_media":0,"parent":0,"menu_order":0,"comment_status":"closed","ping_status":"closed","template":"","meta":{"footnotes":""},"class_list":["post-3","page","type-page","status-publish","hentry"],"yoast_head":"<!-- This site is optimized with the Yoast SEO plugin v22.9 - https:\/\/yoast.com\/wordpress\/plugins\/seo\/ -->\n<title>Pol\u00edtica de privacidad - Mafisan Vending<\/title>\n<meta name=\"robots\" content=\"index, follow, max-snippet:-1, max-image-preview:large, max-video-preview:-1\" \/>\n<link rel=\"canonical\" href=\"https:\/\/www.mafisanvending.es\/index.php\/politica-de-privacidad\/\" \/>\n<meta property=\"og:locale\" content=\"es_ES\" \/>\n<meta property=\"og:type\" content=\"article\" \/>\n<meta property=\"og:title\" content=\"Pol\u00edtica de privacidad - Mafisan Vending\" \/>\n<meta property=\"og:description\" content=\"TRATAMIENTO DE LOS DATOS PERSONALES Los datos personales recogidos en nuestra p\u00e1gina web son tratados cumpliendo con las exigencias del Reglamento (UE) 2016\/679 del Parlamento Europeo y del Consejo, de 27 de abril de 2016, relativo a la protecci\u00f3n de las personas f\u00edsicas en lo...\" \/>\n<meta property=\"og:url\" content=\"https:\/\/www.mafisanvending.es\/index.php\/politica-de-privacidad\/\" \/>\n<meta property=\"og:site_name\" content=\"Mafisan Vending\" \/>\n<meta property=\"article:modified_time\" content=\"2024-06-13T16:57:26+00:00\" \/>\n<meta property=\"og:image\" content=\"https:\/\/www.mafisanvending.es\/wp-content\/uploads\/2024\/06\/vending-Zaragoza-imagen-de-Coffeesan.jpg\" \/>\n\t<meta property=\"og:image:width\" content=\"1920\" \/>\n\t<meta property=\"og:image:height\" content=\"1101\" \/>\n\t<meta property=\"og:image:type\" content=\"image\/jpeg\" \/>\n<meta name=\"twitter:card\" content=\"summary_large_image\" \/>\n<meta name=\"twitter:label1\" content=\"Tiempo de lectura\" \/>\n\t<meta name=\"twitter:data1\" content=\"5 minutos\" \/>\n<script type=\"application\/ld+json\" class=\"yoast-schema-graph\">{\"@context\":\"https:\/\/schema.org\",\"@graph\":[{\"@type\":\"WebPage\",\"@id\":\"https:\/\/www.mafisanvending.es\/index.php\/politica-de-privacidad\/\",\"url\":\"https:\/\/www.mafisanvending.es\/index.php\/politica-de-privacidad\/\",\"name\":\"Pol\u00edtica de privacidad - Mafisan Vending\",\"isPartOf\":{\"@id\":\"https:\/\/www.mafisanvending.es\/#website\"},\"datePublished\":\"2023-01-25T12:32:10+00:00\",\"dateModified\":\"2024-06-13T16:57:26+00:00\",\"breadcrumb\":{\"@id\":\"https:\/\/www.mafisanvending.es\/index.php\/politica-de-privacidad\/#breadcrumb\"},\"inLanguage\":\"es\",\"potentialAction\":[{\"@type\":\"ReadAction\",\"target\":[\"https:\/\/www.mafisanvending.es\/index.php\/politica-de-privacidad\/\"]}]},{\"@type\":\"BreadcrumbList\",\"@id\":\"https:\/\/www.mafisanvending.es\/index.php\/politica-de-privacidad\/#breadcrumb\",\"itemListElement\":[{\"@type\":\"ListItem\",\"position\":1,\"name\":\"Portada\",\"item\":\"https:\/\/www.mafisanvending.es\/\"},{\"@type\":\"ListItem\",\"position\":2,\"name\":\"Pol\u00edtica de privacidad\"}]},{\"@type\":\"WebSite\",\"@id\":\"https:\/\/www.mafisanvending.es\/#website\",\"url\":\"https:\/\/www.mafisanvending.es\/\",\"name\":\"Coffeesan\",\"description\":\"Vending Zaragoza Coffeesan la hora del caf\u00e9 diferente\",\"publisher\":{\"@id\":\"https:\/\/www.mafisanvending.es\/#organization\"},\"potentialAction\":[{\"@type\":\"SearchAction\",\"target\":{\"@type\":\"EntryPoint\",\"urlTemplate\":\"https:\/\/www.mafisanvending.es\/?s={search_term_string}\"},\"query-input\":\"required name=search_term_string\"}],\"inLanguage\":\"es\"},{\"@type\":\"Organization\",\"@id\":\"https:\/\/www.mafisanvending.es\/#organization\",\"name\":\"Mafisan Vending\",\"url\":\"https:\/\/www.mafisanvending.es\/\",\"logo\":{\"@type\":\"ImageObject\",\"inLanguage\":\"es\",\"@id\":\"https:\/\/www.mafisanvending.es\/#\/schema\/logo\/image\/\",\"url\":\"https:\/\/www.mafisanvending.es\/wp-content\/uploads\/2024\/06\/Coffeesan-logo-base-e1718349583498.png\",\"contentUrl\":\"https:\/\/www.mafisanvending.es\/wp-content\/uploads\/2024\/06\/Coffeesan-logo-base-e1718349583498.png\",\"width\":181,\"height\":30,\"caption\":\"Mafisan Vending\"},\"image\":{\"@id\":\"https:\/\/www.mafisanvending.es\/#\/schema\/logo\/image\/\"}}]}<\/script>\n<!-- \/ Yoast SEO plugin. -->","yoast_head_json":{"title":"Pol\u00edtica de privacidad - Mafisan Vending","robots":{"index":"index","follow":"follow","max-snippet":"max-snippet:-1","max-image-preview":"max-image-preview:large","max-video-preview":"max-video-preview:-1"},"canonical":"https:\/\/www.mafisanvending.es\/index.php\/politica-de-privacidad\/","og_locale":"es_ES","og_type":"article","og_title":"Pol\u00edtica de privacidad - Mafisan Vending","og_description":"TRATAMIENTO DE LOS DATOS PERSONALES Los datos personales recogidos en nuestra p\u00e1gina web son tratados cumpliendo con las exigencias del Reglamento (UE) 2016\/679 del Parlamento Europeo y del Consejo, de 27 de abril de 2016, relativo a la protecci\u00f3n de las personas f\u00edsicas en lo...","og_url":"https:\/\/www.mafisanvending.es\/index.php\/politica-de-privacidad\/","og_site_name":"Mafisan Vending","article_modified_time":"2024-06-13T16:57:26+00:00","og_image":[{"width":1920,"height":1101,"url":"https:\/\/www.mafisanvending.es\/wp-content\/uploads\/2024\/06\/vending-Zaragoza-imagen-de-Coffeesan.jpg","type":"image\/jpeg"}],"twitter_card":"summary_large_image","twitter_misc":{"Tiempo de lectura":"5 minutos"},"schema":{"@context":"https:\/\/schema.org","@graph":[{"@type":"WebPage","@id":"https:\/\/www.mafisanvending.es\/index.php\/politica-de-privacidad\/","url":"https:\/\/www.mafisanvending.es\/index.php\/politica-de-privacidad\/","name":"Pol\u00edtica de privacidad - Mafisan Vending","isPartOf":{"@id":"https:\/\/www.mafisanvending.es\/#website"},"datePublished":"2023-01-25T12:32:10+00:00","dateModified":"2024-06-13T16:57:26+00:00","breadcrumb":{"@id":"https:\/\/www.mafisanvending.es\/index.php\/politica-de-privacidad\/#breadcrumb"},"inLanguage":"es","potentialAction":[{"@type":"ReadAction","target":["https:\/\/www.mafisanvending.es\/index.php\/politica-de-privacidad\/"]}]},{"@type":"BreadcrumbList","@id":"https:\/\/www.mafisanvending.es\/index.php\/politica-de-privacidad\/#breadcrumb","itemListElement":[{"@type":"ListItem","position":1,"name":"Portada","item":"https:\/\/www.mafisanvending.es\/"},{"@type":"ListItem","position":2,"name":"Pol\u00edtica de privacidad"}]},{"@type":"WebSite","@id":"https:\/\/www.mafisanvending.es\/#website","url":"https:\/\/www.mafisanvending.es\/","name":"Coffeesan","description":"Vending Zaragoza Coffeesan la hora del caf\u00e9 diferente","publisher":{"@id":"https:\/\/www.mafisanvending.es\/#organization"},"potentialAction":[{"@type":"SearchAction","target":{"@type":"EntryPoint","urlTemplate":"https:\/\/www.mafisanvending.es\/?s={search_term_string}"},"query-input":"required name=search_term_string"}],"inLanguage":"es"},{"@type":"Organization","@id":"https:\/\/www.mafisanvending.es\/#organization","name":"Mafisan Vending","url":"https:\/\/www.mafisanvending.es\/","logo":{"@type":"ImageObject","inLanguage":"es","@id":"https:\/\/www.mafisanvending.es\/#\/schema\/logo\/image\/","url":"https:\/\/www.mafisanvending.es\/wp-content\/uploads\/2024\/06\/Coffeesan-logo-base-e1718349583498.png","contentUrl":"https:\/\/www.mafisanvending.es\/wp-content\/uploads\/2024\/06\/Coffeesan-logo-base-e1718349583498.png","width":181,"height":30,"caption":"Mafisan Vending"},"image":{"@id":"https:\/\/www.mafisanvending.es\/#\/schema\/logo\/image\/"}}]}},"_links":{"self":[{"href":"https:\/\/www.mafisanvending.es\/index.php\/wp-json\/wp\/v2\/pages\/3","targetHints":{"allow":["GET"]}}],"collection":[{"href":"https:\/\/www.mafisanvending.es\/index.php\/wp-json\/wp\/v2\/pages"}],"about":[{"href":"https:\/\/www.mafisanvending.es\/index.php\/wp-json\/wp\/v2\/types\/page"}],"author":[{"embeddable":true,"href":"https:\/\/www.mafisanvending.es\/index.php\/wp-json\/wp\/v2\/users\/1"}],"replies":[{"embeddable":true,"href":"https:\/\/www.mafisanvending.es\/index.php\/wp-json\/wp\/v2\/comments?post=3"}],"version-history":[{"count":2,"href":"https:\/\/www.mafisanvending.es\/index.php\/wp-json\/wp\/v2\/pages\/3\/revisions"}],"predecessor-version":[{"id":317,"href":"https:\/\/www.mafisanvending.es\/index.php\/wp-json\/wp\/v2\/pages\/3\/revisions\/317"}],"wp:attachment":[{"href":"https:\/\/www.mafisanvending.es\/index.php\/wp-json\/wp\/v2\/media?parent=3"}],"curies":[{"name":"wp","href":"https:\/\/api.w.org\/{rel}","templated":true}]}}